{"id":115,"date":"2018-11-30T19:11:26","date_gmt":"2018-11-30T19:11:26","guid":{"rendered":"http:\/\/ks44wyspy.pl\/?page_id=115"},"modified":"2023-12-01T18:41:40","modified_gmt":"2023-12-01T17:41:40","slug":"przystap-do-nas","status":"publish","type":"page","link":"https:\/\/ks44wyspy.pl\/index.php\/przystap-do-nas\/","title":{"rendered":"Pocz\u0105tki"},"content":{"rendered":"\n<p><\/p>\n\n\n\n<h2 class=\"wp-block-heading has-text-align-center\"><strong>Od czego nale\u017cy zacz\u0105\u0107 przygod\u0119 ze strzelectwem sportowym?<\/strong><\/h2>\n\n\n\n<div class=\"wp-block-group\"><div class=\"wp-block-group__inner-container is-layout-flow wp-block-group-is-layout-flow\">\n<div class=\"wp-block-columns is-layout-flex wp-container-core-columns-is-layout-9d6595d7 wp-block-columns-is-layout-flex\">\n<div class=\"wp-block-column is-layout-flow wp-block-column-is-layout-flow\" style=\"flex-basis:100%\">\n<h1 class=\"wp-block-heading\"><a href=\"https:\/\/www.youtube.com\/watch?v=zdoZOgulY00\" target=\"_blank\" rel=\"noreferrer noopener nofollow\">Strzelectwo Defence24: Odc. 1. Jak zacz\u0105\u0107 strzelanie i uzyska\u0107 pozwolenie na bro\u0144?<\/a><\/h1>\n\n\n\n<p><\/p>\n\n\n\n<h1 class=\"wp-block-heading\"><a href=\"https:\/\/www.youtube.com\/watch?v=Of5ApYD1L4c\" target=\"_blank\" rel=\"noreferrer noopener nofollow\">Strzelectwo Defence24 Odc. 2: Bro\u0144 kr\u00f3tka, przygotowanie do patentu.<\/a><\/h1>\n\n\n\n<p><\/p>\n\n\n\n<h1 class=\"wp-block-heading\"><a href=\"https:\/\/www.youtube.com\/watch?v=GXqu0Pwvqyo&amp;list=PLmflUtOnVIAXdk9DQ4IDidLUn5oj0PCYO\" target=\"_blank\" rel=\"noreferrer noopener nofollow\">Strzelectwo Defence24 Odc. 3: Bro\u0144 D\u0142uga<\/a><\/h1>\n<\/div>\n<\/div>\n\n\n\n<p>1. Zapisa\u0107 si\u0119 do stowarzyszenia nale\u017c\u0105cego do Polskiego Zwi\u0105zku Strzelectwa Sportowego&nbsp;np.&nbsp;<strong><a href=\"https:\/\/braterstwo.eu\/o-nas\" target=\"_blank\" rel=\"noreferrer noopener\">KS Amator Wroc\u0142aw&nbsp; strona www braterstwo.eu<\/a><\/strong> nasze stowarzyszenie z uwagi na pilne i du\u017ce wydatki zwi\u0105zane z napraw\u0105 dachu nad strzelnic\u0105 w najbli\u017cszych dw\u00f3ch-trzech latach nie przyst\u0105pi do PZSS, koszt wst\u0105pienia wynosi aktualnie 6000 z\u0142<\/p>\n<\/div><\/div>\n\n\n\n<div class=\"wp-block-group\"><div class=\"wp-block-group__inner-container is-layout-flow wp-block-group-is-layout-flow\">\n<div class=\"wp-block-columns is-layout-flex wp-container-core-columns-is-layout-9d6595d7 wp-block-columns-is-layout-flex\">\n<div class=\"wp-block-column is-layout-flow wp-block-column-is-layout-flow\" style=\"flex-basis:100%\">\n<p>2. Uzyska\u0107<strong>&nbsp;<a href=\"https:\/\/www.pzss.org.pl\/patenty-licencje\/patent-strzelecki\" target=\"_blank\" rel=\"noreferrer noopener\">Patent Strzelecki<\/a><\/strong>, czyli zaliczy\u0107 z wynikiem pozytywnym egzamin po\u015bwiadczaj\u0105cy nasz\u0105 znajomo\u015b\u0107 bezpiecznego pos\u0142ugiwania si\u0119 broni\u0105 oraz znajomo\u015bci\u0105 przepis\u00f3w. Patent to \u201eprawo jazdy\u201d na bro\u0144.&nbsp;<strong>Do egzaminu mo\u017cna przyst\u0105pi\u0107 po trzech miesi\u0105cach od momentu zarejestrowania cz\u0142onka na portalu PZSS przez klub strzelecki.<\/strong>&nbsp;Koszt to 400 z\u0142 plus op\u0142ata za badanie lekarskie, cz\u0119sto mo\u017cliwe do wykonania w miejscu egzaminowania. Mo\u017cna nale\u017ce\u0107 do klubu np. we Wroc\u0142awiu, a egzamin zdawa\u0107 w wojew\u00f3dztwie naszego zamieszkania.&nbsp;<a href=\"https:\/\/www.pzss.org.pl\/patenty-licencje\/terminy-egzaminow\" target=\"_blank\" rel=\"noreferrer noopener\"><strong>Terminy egzamin\u00f3w na stronie PZSS<\/strong><\/a><\/p>\n<\/div>\n<\/div>\n\n\n\n<h3 class=\"wp-block-heading\"><a href=\"https:\/\/patentstrzelecki.eu\/\" target=\"_blank\" rel=\"noreferrer noopener nofollow\"><strong>Patent Strzelecki &#8211; wszystkie informacje na temat egzaminu<\/strong><\/a><\/h3>\n<\/div><\/div>\n\n\n\n<div class=\"wp-block-columns is-layout-flex wp-container-core-columns-is-layout-9d6595d7 wp-block-columns-is-layout-flex\">\n<div class=\"wp-block-column is-layout-flow wp-block-column-is-layout-flow\" style=\"flex-basis:100%\">\n<div class=\"wp-block-group\"><div class=\"wp-block-group__inner-container is-layout-flow wp-block-group-is-layout-flow\">\n<p class=\"has-text-align-left\">3. Kolejny krok to wyst\u0105pienie o&nbsp;<strong><a href=\"https:\/\/www.pzss.org.pl\/patenty-licencje\/licencja-zawodnicza\" target=\"_blank\" rel=\"noreferrer noopener\">Licencj\u0119 Zawodnicz\u0105 PZSS<\/a><\/strong>, jest to dokument wa\u017cny rok i trzeba go odnawia\u0107 ka\u017cdego roku. Aby by\u0142o to mo\u017cliwe nale\u017cy bra\u0107 udzia\u0142 w&nbsp;<strong><a href=\"https:\/\/zzss.pl\/kalendarz-zawodow-zzss-na-rok-2023\/\" target=\"_blank\" rel=\"noreferrer noopener\">zawodach organizowanych przez ZZSS<\/a><\/strong>.&nbsp;Tryb&nbsp;<strong><a href=\"https:\/\/braterstwo.eu\/procedury#Licencja_zawodnicza_PZSS\" target=\"_blank\" rel=\"noreferrer noopener\">uzyskiwania Licencji<\/a><\/strong>&nbsp;jest do\u015b\u0107 \u0142atwy i prosty.<\/p>\n<\/div><\/div>\n<\/div>\n<\/div>\n\n\n\n<p class=\"has-text-align-center\"><em>Powiniene\u015b wiedzie\u0107, \u017ce strzelectwo sportowe jest drogim hobby. Zapisanie si\u0119 do klubu \/najtaniej 250 z\u0142 KS Amator Wroc\u0142aw\/, uzyskanie patentu \/400 z\u0142 +koszt badania lekarskiego\/, licencji \/100 z\u0142?\/, badania lekarskie \/pewnie ze 300 z\u0142\/, niezb\u0119dne na pocz\u0105tek akcesoria strzeleckie &#8211; okulary i ochronniki s\u0142uchu \/300-1000 z\u0142\/, roczny abonament na naszej strzelnicy \/500 z\u0142\/,treningi \/amunicja!\/, dojazdy i udzia\u0142 w zawodach &#8211; to wszystko kosztuje nie ma\u0142e pieni\u0105dze. Zakup broni: pistoletu, strzelby czy karabinu to wydatki kilku lub kilkunastu tysi\u0119cy z\u0142otyc<\/em>h.<em> Na szcz\u0119\u015bcie nie trzeba jednorazowo pokrywa\u0107 wszystkich koszt\u00f3w, mo\u017cna to roz\u0142o\u017cy\u0107 na kilka lat \ud83d\ude42<\/em><\/p>\n\n\n\n<p><\/p>\n\n\n\n<p><\/p>\n\n\n\n<p class=\"has-text-align-center\">Je\u017celi zdecydowa\u0142e\u015b si\u0119 rozpocz\u0105\u0107 przygod\u0119 ze strzelectwem oraz treningami na naszej strzelnicy <\/p>\n\n\n\n<p class=\"has-text-align-center\"><a href=\"http:\/\/ks44wyspy.pl\/wp-content\/uploads\/2022\/04\/formularz-przyjecia-czlonka.pdf\" target=\"_blank\" rel=\"noreferrer noopener\">\u015bci\u0105gnij, wydrukuj i wype\u0142nij formularz r\u0119cznie \/zalecane\/<\/a><\/p>\n\n\n\n<p class=\"has-text-align-center\">Administratorem Pa\u0144stwa danych osobowych jest&nbsp;Stowarzyszenie \u201eKlub Strzelecki 44 wyspy\u201d. Podanie danych osobowych oznacza zgod\u0119 na ich przetwarzanie w celach zwi\u0105zanych z dzia\u0142alno\u015bci\u0105 statutow\u0105 Stowarzyszenia \u201eKlub Strzelecki 44 wyspy\u201d.&nbsp;Przys\u0142uguje Pa\u0144stwu prawo wgl\u0105du, poprawiania i uzupe\u0142niania tych danych.<\/p>\n\n\n\n<p><\/p>\n\n\n\n<p><\/p>\n\n\n\n<p><\/p>\n\n\n\n<p><\/p>\n\n\n\n<p><\/p>\n\n\n<div class=\"wp-block-image\">\n<figure class=\"aligncenter size-full\"><img loading=\"lazy\" decoding=\"async\" width=\"375\" height=\"360\" src=\"http:\/\/ks44wyspy.pl\/wp-content\/uploads\/2022\/03\/gen_logo.jpg\" alt=\"\" class=\"wp-image-665\" srcset=\"https:\/\/ks44wyspy.pl\/wp-content\/uploads\/2022\/03\/gen_logo.jpg 375w, https:\/\/ks44wyspy.pl\/wp-content\/uploads\/2022\/03\/gen_logo-300x288.jpg 300w\" sizes=\"auto, (max-width: 375px) 100vw, 375px\" \/><\/figure>\n<\/div>\n\n\n<p><\/p>\n\n\n<p>Nasze bogate do\u015bwiadczenie wyniesione z wielu klub\u00f3w oraz stowarzysze\u0144 strzeleckich, udzia\u0142 w niezliczonej liczbie zawod\u00f3w, wszechstronne szkolenia oraz zami\u0142owanie do sport\u00f3w strzeleckich &nbsp;przede wszystkim brak w \u015awinouj\u015bciu stowarzyszenia strzeleckiego o charakterze sportowym spowodowa\u0142, \u017ce w listopadzie 2018 r. utworzyli\u015bmy Stowarzyszenie Klub Strzelecki 44 wyspy. <br \/>W naszym klubie dzia\u0142aj\u0105 wy\u0142\u0105cznie sprawdzeni ludzie, gwarantuje to rozwijanie naszego hobby z poszanowaniem szacunku, kole\u017ce\u0144stwa, prawdy i zaufania. W naszych szeregach mamy instruktor\u00f3w strzelectwa PZSS oraz PZ\u0141. Gwarantujemy, \u017ce u nas poznasz zasady bezpiecznego pos\u0142ugiwania si\u0119 pistoletem, karabinem czy strzelb\u0105, a w perspektywie kilku miesi\u0119cy b\u0119dziesz m\u00f3g\u0142 uzyska\u0107 pozwolenie na bro\u0144.<\/p>\n<p>W latach 2019 &#8211; 2022 pracowali\u015bmy bardzo intensywnie nad zaadoptowaniem jednego z zabudowa\u0144 na terenie Fortu Zachodniego przy ul. Jachtowej 1 w \u015awinouj\u015bciu na strzelnic\u0119 sportow\u0105.<\/p>\n<p>Po uzyskaniu niezb\u0119dnych zg\u00f3d obecnego dzier\u017cawcy obiektu Pana Laskowskiego oraz Pana Prezydenta naszego Miasta cz\u0142onkowie Stowarzyszenia du\u017cym nak\u0142adem setek godzin pracy spo\u0142ecznej oraz wydatkowania ok. 30.000,00 z\u0142 doprowadzili do uporz\u0105dkowania wn\u0119trza fortu w taki spos\u00f3b, aby w przysz\u0142o\u015bci mog\u0142a powsta\u0107 w nim strzelnica odpowiadaj\u0105ca wsp\u00f3\u0142czesnym standardom, zachowuj\u0105c przy tym zabytkow\u0105 substancj\u0119 Fortu Zachodniego. W\u015br\u00f3d najwa\u017cniejszych prac zrealizowanych w Obiekcie, wymieni\u0107 nale\u017cy:<\/p>\n<p>1) Uporz\u0105dkowanie wn\u0119trza fortu polegaj\u0105ce na wywiezieniu kilkunastu metr\u00f3w sze\u015bciennych gruzu<br \/>2) Budowa od podstaw zburzonych \u015bcian zewn\u0119trznych fortu z materia\u0142\u00f3w gwarantuj\u0105cych niewydostanie si\u0119 pocisk\u00f3w na zewn\u0105trz<br \/>3) Odtworzenie zabytkowych stalowych okiennic<br \/>4) Wykonanie stalowych drzwi oraz krat z o\u015bcie\u017cnicami 6 szt. &#8211; dzi\u0119ki sponsorowi firmie <a href=\"https:\/\/www.navikon.pl\/\" target=\"_blank\" rel=\"noopener\">NAVIKON<\/a><br \/>5)&nbsp; estetycznego ogrodzenia obiektu<br \/>6) Doprowadzenie i wykonanie instalacji elektrycznej, monta\u017c punkt\u00f3w o\u015bwietleniowych wewn\u0105trz fortu<br \/>7) Zakup oraz instalacji mechanicznej wysokowydajnej instalacji wentylacyjnej na stanowiskach strzeleckich<br \/>8) Wykonanie solidnych kulochwyt\u00f3w gwarantuj\u0105cych bezpieczne treningi lub zawody strzeleckie<\/p>\n<h1>&nbsp;<\/h1>\n<h1 style=\"text-align: center;\"><span style=\"color: #ff0000;\"><strong>Efektem naszej trzyletniej ci\u0119\u017ckiej pracy by\u0142o uzyskanie decyzji zatwierdzaj\u0105cej regulamin strzelnicy na pocz\u0105tku marca 2022 roku, tym samym mo\u017cemy prowadzi\u0107 treningi strzeleckie w \u015awinouj\u015bciu! \ud83d\ude42<\/strong><\/span><\/h1>\n<\/p>\n<h3 style=\"text-align: left;\"><strong>Niestety przed nami jeszcze du\u017co innych prac zwi\u0105zanych z poprawieniem stanu technicznego budynku naszej strzelnicy. Najwa\u017cniejszym i najbardziej kosztownym zadaniem na najbli\u017csze lata to etapowa naprawa dachu, niestety po ka\u017cdym deszczu i d\u0142ugo po nim woda dostaje si\u0119 do wn\u0119trza fortu. Nasz klub nie przyst\u0105pi w bliskiej perspektywie do <a href=\"https:\/\/www.pzss.org.pl\/\" target=\"_blank\" rel=\"noopener\">PZSS<\/a>&nbsp; powodem s\u0105 <a href=\"https:\/\/www.pzss.org.pl\/skladki-oplaty\" target=\"_blank\" rel=\"noopener\">bardzo wysokie koszty tzn. 5000 z\u0142 op\u0142ata wpisowa oraz 1000 z\u0142 sk\u0142adka roczna<\/a> patrz pkt.16 i 17 tabeli op\u0142at PZSS. Zdecydowali\u015bmy, \u017ce naprawa dachu jest wa\u017cniejsza od papierkologii zwi\u0105zanej z naszym hobby.&nbsp; Ka\u017cdy z nas nale\u017cy do r\u00f3\u017cnych stowarzysze\u0144 strzeleckich na terenie Polski, a nawet Wielkiej Brytanii. <\/strong><\/h3>\n<\/p>\n<h1 style=\"text-align: center; padding-left: 40px;\"><span style=\"color: #008000;\"><strong>Ciebie te\u017c pokierujemy tak aby\u015b m\u00f3g\u0142 u nas regularnie strzela\u0107, rozwija\u0107<\/strong><strong> zainteresowanie strzelectwem oraz spe\u0142ni\u0107 wymagania formalne z tym zwi\u0105zane \ud83d\ude42<\/strong><\/span><\/h1>\n<\/p>\n<h2>&nbsp;<\/h2>\n<\/p>\n<p style=\"text-align: center;\">\n\n\n<p><\/p>\n","protected":false},"excerpt":{"rendered":"<p>Od czego nale\u017cy zacz\u0105\u0107 przygod\u0119 ze strzelectwem sportowym? Strzelectwo Defence24: Odc. 1. Jak zacz\u0105\u0107 strzelanie i uzyska\u0107 pozwolenie na bro\u0144? Strzelectwo Defence24 Odc. 2: Bro\u0144 kr\u00f3tka, przygotowanie do patentu. Strzelectwo Defence24 Odc. 3: Bro\u0144 D\u0142uga 1. Zapisa\u0107 si\u0119 do stowarzyszenia nale\u017c\u0105cego do Polskiego Zwi\u0105zku Strzelectwa Sportowego&nbsp;np.&nbsp;KS Amator Wroc\u0142aw&nbsp; strona www braterstwo.eu nasze stowarzyszenie z uwagi &#8230; <a title=\"Pocz\u0105tki\" class=\"read-more\" href=\"https:\/\/ks44wyspy.pl\/index.php\/przystap-do-nas\/\" aria-label=\"Read more about Pocz\u0105tki\">Dowiedz si\u0119 wi\u0119cej<\/a><\/p>\n","protected":false},"author":1,"featured_media":0,"parent":0,"menu_order":0,"comment_status":"closed","ping_status":"closed","template":"","meta":{"footnotes":""},"class_list":["post-115","page","type-page","status-publish"],"_links":{"self":[{"href":"https:\/\/ks44wyspy.pl\/index.php\/wp-json\/wp\/v2\/pages\/115","targetHints":{"allow":["GET"]}}],"collection":[{"href":"https:\/\/ks44wyspy.pl\/index.php\/wp-json\/wp\/v2\/pages"}],"about":[{"href":"https:\/\/ks44wyspy.pl\/index.php\/wp-json\/wp\/v2\/types\/page"}],"author":[{"embeddable":true,"href":"https:\/\/ks44wyspy.pl\/index.php\/wp-json\/wp\/v2\/users\/1"}],"replies":[{"embeddable":true,"href":"https:\/\/ks44wyspy.pl\/index.php\/wp-json\/wp\/v2\/comments?post=115"}],"version-history":[{"count":1,"href":"https:\/\/ks44wyspy.pl\/index.php\/wp-json\/wp\/v2\/pages\/115\/revisions"}],"predecessor-version":[{"id":1296,"href":"https:\/\/ks44wyspy.pl\/index.php\/wp-json\/wp\/v2\/pages\/115\/revisions\/1296"}],"wp:attachment":[{"href":"https:\/\/ks44wyspy.pl\/index.php\/wp-json\/wp\/v2\/media?parent=115"}],"curies":[{"name":"wp","href":"https:\/\/api.w.org\/{rel}","templated":true}]}}